{"id":141,"date":"2026-02-21T17:15:25","date_gmt":"2026-02-21T16:15:25","guid":{"rendered":"http:\/\/localhost\/vgreurope\/index.php\/kosar\/"},"modified":"2026-02-21T17:15:25","modified_gmt":"2026-02-21T16:15:25","slug":"kosar","status":"publish","type":"page","link":"https:\/\/www.vgreurope.hu\/index.php\/kosar\/","title":{"rendered":"Kos\u00e1r"},"content":{"rendered":"\n<div data-block-name=\"woocommerce\/cart\" class=\"wp-block-woocommerce-cart alignwide is-loading\">\n<div data-block-name=\"woocommerce\/filled-cart-block\" class=\"wp-block-woocommerce-filled-cart-block\">\n<div data-block-name=\"woocommerce\/cart-items-block\" class=\"wp-block-woocommerce-cart-items-block\">\n<div data-block-name=\"woocommerce\/cart-line-items-block\" class=\"wp-block-woocommerce-cart-line-items-block\"><\/div>\n\n\n<\/div>\n\n\n\n\n<div data-block-name=\"woocommerce\/cart-totals-block\" class=\"wp-block-woocommerce-cart-totals-block\">\n<div data-block-name=\"woocommerce\/cart-order-summary-block\" class=\"wp-block-woocommerce-cart-order-summary-block\">\n<div data-block-name=\"woocommerce\/cart-order-summary-heading-block\" class=\"wp-block-woocommerce-cart-order-summary-heading-block\"><\/div><div data-block-name=\"woocommerce\/cart-order-summary-coupon-form-block\" class=\"wp-block-woocommerce-cart-order-summary-coupon-form-block\"><\/div><div data-block-name=\"woocommerce\/cart-order-summary-totals-block\" class=\"wp-block-woocommerce-cart-order-summary-totals-block\">\n<div data-block-name=\"woocommerce\/cart-order-summary-subtotal-block\" class=\"wp-block-woocommerce-cart-order-summary-subtotal-block\"><\/div>\n<div data-block-name=\"woocommerce\/cart-order-summary-discount-block\" class=\"wp-block-woocommerce-cart-order-summary-discount-block\"><\/div>\n<div data-block-name=\"woocommerce\/cart-order-summary-fee-block\" class=\"wp-block-woocommerce-cart-order-summary-fee-block\"><\/div>\n<div data-block-name=\"woocommerce\/cart-order-summary-shipping-block\" class=\"wp-block-woocommerce-cart-order-summary-shipping-block\"><\/div>\n<div data-block-name=\"woocommerce\/cart-order-summary-taxes-block\" class=\"wp-block-woocommerce-cart-order-summary-taxes-block\"><\/div><\/div>\n<\/div>\n\n\n\n<div data-block-name=\"woocommerce\/cart-express-payment-block\" class=\"wp-block-woocommerce-cart-express-payment-block\"><\/div>\n\n\n\n<div data-block-name=\"woocommerce\/proceed-to-checkout-block\" class=\"wp-block-woocommerce-proceed-to-checkout-block\"><\/div>\n\n\n\n<div data-block-name=\"woocommerce\/cart-accepted-payment-methods-block\" class=\"wp-block-woocommerce-cart-accepted-payment-methods-block\"><\/div>\n<\/div>\n<\/div>\n\n\n\n<div data-block-name=\"woocommerce\/empty-cart-block\" class=\"wp-block-woocommerce-empty-cart-block\">\n<h2 class=\"wp-block-heading has-text-align-center with-empty-cart-icon wc-block-cart__empty-cart__title\">Jelenleg \u00fcres a kosarad.<\/h2>\n\n\n\n<hr class=\"wp-block-separator has-alpha-channel-opacity is-style-dots\"\/>\n\n\n\n<h2 class=\"wp-block-heading has-text-align-center\">\u00dajdons\u00e1gok<\/h2>\n\n\n<div data-block-name=\"woocommerce\/product-new\" data-columns=\"4\" data-rows=\"1\" class=\"wc-block-grid wp-block-product-new wp-block-woocommerce-product-new wc-block-product-new has-4-columns\"><ul class=\"wc-block-grid__products\"><li class=\"wc-block-grid__product\">\n\t\t\t\t<a href=\"https:\/\/www.vgreurope.hu\/index.php\/termek\/vgr-v-334-dupla-folias-elektromos-borotva\/\" class=\"wc-block-grid__product-link\">\n\t\t\t\t\t\n\t\t\t\t\t<div class=\"wc-block-grid__product-image\"><img fetchpriority=\"high\" decoding=\"async\" width=\"300\" height=\"300\" src=\"https:\/\/www.vgreurope.hu\/wp-content\/uploads\/2026\/03\/71w4dPLkrhL-300x300.jpg\" class=\"attachment-woocommerce_thumbnail size-woocommerce_thumbnail\" alt=\"VGR V-334 dupla f\u00f3li\u00e1s elektromos borotva\" srcset=\"https:\/\/www.vgreurope.hu\/wp-content\/uploads\/2026\/03\/71w4dPLkrhL-300x300.jpg 300w, https:\/\/www.vgreurope.hu\/wp-content\/uploads\/2026\/03\/71w4dPLkrhL-1024x1024.jpg 1024w, https:\/\/www.vgreurope.hu\/wp-content\/uploads\/2026\/03\/71w4dPLkrhL-150x150.jpg 150w, https:\/\/www.vgreurope.hu\/wp-content\/uploads\/2026\/03\/71w4dPLkrhL-768x768.jpg 768w, https:\/\/www.vgreurope.hu\/wp-content\/uploads\/2026\/03\/71w4dPLkrhL-1536x1536.jpg 1536w, https:\/\/www.vgreurope.hu\/wp-content\/uploads\/2026\/03\/71w4dPLkrhL-600x600.jpg 600w, https:\/\/www.vgreurope.hu\/wp-content\/uploads\/2026\/03\/71w4dPLkrhL-100x100.jpg 100w, https:\/\/www.vgreurope.hu\/wp-content\/uploads\/2026\/03\/71w4dPLkrhL.jpg 1600w\" sizes=\"(max-width: 300px) 100vw, 300px\" \/><\/div>\n\t\t\t\t\t<div class=\"wc-block-grid__product-title\">VGR V-334 dupla f\u00f3li\u00e1s elektromos borotva<\/div>\n\t\t\t\t<\/a>\n\t\t\t\t<div class=\"wc-block-grid__product-price price\"><span class=\"woocommerce-Price-amount amount\">25 990&nbsp;<span class=\"woocommerce-Price-currencySymbol\">&#070;&#116;<\/span><\/span><\/div>\n\t\t\t\t\n\t\t\t\t<div class=\"wp-block-button wc-block-grid__product-add-to-cart\"><a href=\"\/index.php\/wp-json\/wp\/v2\/pages\/141?add-to-cart=612\" aria-label=\"Kos\u00e1rba: &ldquo;VGR V-334 dupla f\u00f3li\u00e1s elektromos borotva&rdquo;\" data-quantity=\"1\" data-product_id=\"612\" data-product_sku=\"\" data-price=\"25990\" rel=\"nofollow\" class=\"wp-block-button__link  add_to_cart_button ajax_add_to_cart\">Kos\u00e1rba teszem<\/a><\/div>\n\t\t\t<\/li><li class=\"wc-block-grid__product\">\n\t\t\t\t<a href=\"https:\/\/www.vgreurope.hu\/index.php\/termek\/vgr-v-035c-professzionalis-hajvago-cserelheto-szinu-panelekkel-vgr-v-035c-professzionalis-hajvago\/\" class=\"wc-block-grid__product-link\">\n\t\t\t\t\t\n\t\t\t\t\t<div class=\"wc-block-grid__product-image\"><img decoding=\"async\" width=\"300\" height=\"300\" src=\"https:\/\/www.vgreurope.hu\/wp-content\/uploads\/2026\/03\/V-035C-300x300.webp\" class=\"attachment-woocommerce_thumbnail size-woocommerce_thumbnail\" alt=\"VGR V-035C professzion\u00e1lis hajv\u00e1g\u00f3, cser\u00e9lhet\u0151 sz\u00edn\u0171 panelekkel VGR V-035C professzion\u00e1lis hajv\u00e1g\u00f3\" srcset=\"https:\/\/www.vgreurope.hu\/wp-content\/uploads\/2026\/03\/V-035C-300x300.webp 300w, https:\/\/www.vgreurope.hu\/wp-content\/uploads\/2026\/03\/V-035C-150x150.webp 150w, https:\/\/www.vgreurope.hu\/wp-content\/uploads\/2026\/03\/V-035C-768x768.webp 768w, https:\/\/www.vgreurope.hu\/wp-content\/uploads\/2026\/03\/V-035C-600x600.webp 600w, https:\/\/www.vgreurope.hu\/wp-content\/uploads\/2026\/03\/V-035C-100x100.webp 100w, https:\/\/www.vgreurope.hu\/wp-content\/uploads\/2026\/03\/V-035C.webp 1000w\" sizes=\"(max-width: 300px) 100vw, 300px\" \/><\/div>\n\t\t\t\t\t<div class=\"wc-block-grid__product-title\">VGR V-035C professzion\u00e1lis hajv\u00e1g\u00f3, cser\u00e9lhet\u0151 sz\u00edn\u0171 panelekkel VGR V-035C professzion\u00e1lis hajv\u00e1g\u00f3<\/div>\n\t\t\t\t<\/a>\n\t\t\t\t<div class=\"wc-block-grid__product-price price\"><span class=\"woocommerce-Price-amount amount\">39 990&nbsp;<span class=\"woocommerce-Price-currencySymbol\">&#070;&#116;<\/span><\/span><\/div>\n\t\t\t\t\n\t\t\t\t<div class=\"wp-block-button wc-block-grid__product-add-to-cart\"><a href=\"\/index.php\/wp-json\/wp\/v2\/pages\/141?add-to-cart=611\" aria-label=\"Kos\u00e1rba: &ldquo;VGR V-035C professzion\u00e1lis hajv\u00e1g\u00f3, cser\u00e9lhet\u0151 sz\u00edn\u0171 panelekkel VGR V-035C professzion\u00e1lis hajv\u00e1g\u00f3&rdquo;\" data-quantity=\"1\" data-product_id=\"611\" data-product_sku=\"\" data-price=\"39990\" rel=\"nofollow\" class=\"wp-block-button__link  add_to_cart_button ajax_add_to_cart\">Kos\u00e1rba teszem<\/a><\/div>\n\t\t\t<\/li><li class=\"wc-block-grid__product\">\n\t\t\t\t<a href=\"https:\/\/www.vgreurope.hu\/index.php\/termek\/vgr-v-071-szakallvago-vgr-v-071-szakallvago\/\" class=\"wc-block-grid__product-link\">\n\t\t\t\t\t\n\t\t\t\t\t<div class=\"wc-block-grid__product-image\"><img decoding=\"async\" width=\"300\" height=\"300\" src=\"https:\/\/www.vgreurope.hu\/wp-content\/uploads\/2026\/03\/V-071-2-300x300.webp\" class=\"attachment-woocommerce_thumbnail size-woocommerce_thumbnail\" alt=\"VGR V-071 szak\u00e1llv\u00e1g\u00f3 VGR V-071 szak\u00e1llv\u00e1g\u00f3\" srcset=\"https:\/\/www.vgreurope.hu\/wp-content\/uploads\/2026\/03\/V-071-2-300x300.webp 300w, https:\/\/www.vgreurope.hu\/wp-content\/uploads\/2026\/03\/V-071-2-150x150.webp 150w, https:\/\/www.vgreurope.hu\/wp-content\/uploads\/2026\/03\/V-071-2-768x768.webp 768w, https:\/\/www.vgreurope.hu\/wp-content\/uploads\/2026\/03\/V-071-2-600x600.webp 600w, https:\/\/www.vgreurope.hu\/wp-content\/uploads\/2026\/03\/V-071-2-100x100.webp 100w, https:\/\/www.vgreurope.hu\/wp-content\/uploads\/2026\/03\/V-071-2.webp 1000w\" sizes=\"(max-width: 300px) 100vw, 300px\" \/><\/div>\n\t\t\t\t\t<div class=\"wc-block-grid__product-title\">VGR V-071 szak\u00e1llv\u00e1g\u00f3 VGR V-071 szak\u00e1llv\u00e1g\u00f3<\/div>\n\t\t\t\t<\/a>\n\t\t\t\t<div class=\"wc-block-grid__product-price price\"><span class=\"woocommerce-Price-amount amount\">5 990&nbsp;<span class=\"woocommerce-Price-currencySymbol\">&#070;&#116;<\/span><\/span><\/div>\n\t\t\t\t\n\t\t\t\t<div class=\"wp-block-button wc-block-grid__product-add-to-cart\"><a href=\"\/index.php\/wp-json\/wp\/v2\/pages\/141?add-to-cart=610\" aria-label=\"Kos\u00e1rba: &ldquo;VGR V-071 szak\u00e1llv\u00e1g\u00f3 VGR V-071 szak\u00e1llv\u00e1g\u00f3&rdquo;\" data-quantity=\"1\" data-product_id=\"610\" data-product_sku=\"\" data-price=\"5990\" rel=\"nofollow\" class=\"wp-block-button__link  add_to_cart_button ajax_add_to_cart\">Kos\u00e1rba teszem<\/a><\/div>\n\t\t\t<\/li><li class=\"wc-block-grid__product\">\n\t\t\t\t<a href=\"https:\/\/www.vgreurope.hu\/index.php\/termek\/vgr-v-285t-mini-szakallvago\/\" class=\"wc-block-grid__product-link\">\n\t\t\t\t\t\n\t\t\t\t\t<div class=\"wc-block-grid__product-image\"><img loading=\"lazy\" decoding=\"async\" width=\"300\" height=\"300\" src=\"https:\/\/www.vgreurope.hu\/wp-content\/uploads\/2026\/03\/V-285T-300x300.webp\" class=\"attachment-woocommerce_thumbnail size-woocommerce_thumbnail\" alt=\"VGR V-285T mini szak\u00e1llv\u00e1g\u00f3\" srcset=\"https:\/\/www.vgreurope.hu\/wp-content\/uploads\/2026\/03\/V-285T-300x300.webp 300w, https:\/\/www.vgreurope.hu\/wp-content\/uploads\/2026\/03\/V-285T-150x150.webp 150w, https:\/\/www.vgreurope.hu\/wp-content\/uploads\/2026\/03\/V-285T-100x100.webp 100w, https:\/\/www.vgreurope.hu\/wp-content\/uploads\/2026\/03\/V-285T.webp 500w\" sizes=\"(max-width: 300px) 100vw, 300px\" \/><\/div>\n\t\t\t\t\t<div class=\"wc-block-grid__product-title\">VGR V-285T mini szak\u00e1llv\u00e1g\u00f3<\/div>\n\t\t\t\t<\/a>\n\t\t\t\t<div class=\"wc-block-grid__product-price price\"><span class=\"woocommerce-Price-amount amount\">14 990&nbsp;<span class=\"woocommerce-Price-currencySymbol\">&#070;&#116;<\/span><\/span><\/div>\n\t\t\t\t\n\t\t\t\t<div class=\"wp-block-button wc-block-grid__product-add-to-cart\"><a href=\"\/index.php\/wp-json\/wp\/v2\/pages\/141?add-to-cart=609\" aria-label=\"Kos\u00e1rba: &ldquo;VGR V-285T mini szak\u00e1llv\u00e1g\u00f3&rdquo;\" data-quantity=\"1\" data-product_id=\"609\" data-product_sku=\"\" data-price=\"14990\" rel=\"nofollow\" class=\"wp-block-button__link  add_to_cart_button ajax_add_to_cart\">Kos\u00e1rba teszem<\/a><\/div>\n\t\t\t<\/li><\/ul><\/div><\/div>\n<\/div>\n","protected":false},"excerpt":{"rendered":"","protected":false},"author":1,"featured_media":0,"parent":0,"menu_order":0,"comment_status":"closed","ping_status":"closed","template":"","meta":{"footnotes":""},"class_list":["post-141","page","type-page","status-publish","hentry"],"_links":{"self":[{"href":"https:\/\/www.vgreurope.hu\/index.php\/wp-json\/wp\/v2\/pages\/141","targetHints":{"allow":["GET"]}}],"collection":[{"href":"https:\/\/www.vgreurope.hu\/index.php\/wp-json\/wp\/v2\/pages"}],"about":[{"href":"https:\/\/www.vgreurope.hu\/index.php\/wp-json\/wp\/v2\/types\/page"}],"author":[{"embeddable":true,"href":"https:\/\/www.vgreurope.hu\/index.php\/wp-json\/wp\/v2\/users\/1"}],"replies":[{"embeddable":true,"href":"https:\/\/www.vgreurope.hu\/index.php\/wp-json\/wp\/v2\/comments?post=141"}],"version-history":[{"count":0,"href":"https:\/\/www.vgreurope.hu\/index.php\/wp-json\/wp\/v2\/pages\/141\/revisions"}],"wp:attachment":[{"href":"https:\/\/www.vgreurope.hu\/index.php\/wp-json\/wp\/v2\/media?parent=141"}],"curies":[{"name":"wp","href":"https:\/\/api.w.org\/{rel}","templated":true}]}}