{"id":600,"date":"2026-03-16T15:47:37","date_gmt":"2026-03-16T14:47:37","guid":{"rendered":"https:\/\/www.vgreurope.hu\/?post_type=product&#038;p=600"},"modified":"2026-03-17T11:15:20","modified_gmt":"2026-03-17T10:15:20","slug":"vgr-v-880c-professzionalis-vezetek-nelkuli-hajvago","status":"publish","type":"product","link":"https:\/\/www.vgreurope.hu\/index.php\/termek\/vgr-v-880c-professzionalis-vezetek-nelkuli-hajvago\/","title":{"rendered":"VGR V-880C professzion\u00e1lis vezet\u00e9k n\u00e9lk\u00fcli hajv\u00e1g\u00f3"},"content":{"rendered":"<p data-start=\"1168\" data-end=\"1352\">Fedezd fel a <strong data-start=\"1181\" data-end=\"1220\">VGR V-880C professzion\u00e1lis hajv\u00e1g\u00f3t<\/strong> \u2014 a teljes\u00edtm\u00e9ny \u00e9s k\u00e9nyelem ide\u00e1lis kombin\u00e1ci\u00f3ja otthoni \u00e9s fodr\u00e1szati haszn\u00e1latra egyar\u00e1nt!<\/p>\n<p data-start=\"1354\" data-end=\"1537\">\ud83d\udd39 <strong data-start=\"1357\" data-end=\"1376\">Er\u0151s BLDC motor<\/strong><br data-start=\"1376\" data-end=\"1379\" \/>A BLDC k\u00fcls\u0151 rotoros motor ak\u00e1r <strong data-start=\"1411\" data-end=\"1423\">7200 RPM<\/strong> fordulatsz\u00e1mot biztos\u00edt a sima, megb\u00edzhat\u00f3 v\u00e1g\u00e1s\u00e9rt k\u00fcl\u00f6nf\u00e9le hajt\u00edpusokon.<\/p>\n<p data-start=\"1539\" data-end=\"1755\">\ud83d\udd39 <strong data-start=\"1542\" data-end=\"1560\">Hossz\u00fa \u00fczemid\u0151<\/strong><br data-start=\"1560\" data-end=\"1563\" \/>A <strong data-start=\"1565\" data-end=\"1591\">2500 mAh-s akkumul\u00e1tor<\/strong> ak\u00e1r <strong data-start=\"1597\" data-end=\"1619\">~150 perc m\u0171k\u00f6d\u00e9st<\/strong> tesz lehet\u0151v\u00e9 egyetlen t\u00f6lt\u00e9ssel, \u00edgy k\u00e9nyelmesen elv\u00e9gezheted a hajv\u00e1g\u00e1st vagy frizuraform\u00e1z\u00e1st.<\/p>\n<p data-start=\"1757\" data-end=\"1969\">\ud83d\udd39 <strong data-start=\"1760\" data-end=\"1790\">T\u00f6bb hossz\u00fas\u00e1g\u00fa vezet\u0151f\u00e9s\u0171<\/strong><br data-start=\"1790\" data-end=\"1793\" \/>A k\u00e9szlet t\u00f6bbfajta vezet\u0151f\u00e9s\u0171t tartalmaz, amelyekkel k\u00f6nnyen be\u00e1ll\u00edthatod a k\u00edv\u00e1nt v\u00e1g\u00e1si hossz\u00fas\u00e1got \u2014 ide\u00e1lis k\u00fcl\u00f6nf\u00e9le hajst\u00edlusokhoz.<\/p>\n<p data-start=\"1971\" data-end=\"2162\">\ud83d\udd39 <strong data-start=\"1974\" data-end=\"1998\">DLC \/ ker\u00e1mia peng\u00e9k<\/strong><br data-start=\"1998\" data-end=\"2001\" \/>A tart\u00f3s DLC bevonat\u00fa \u00e9s ker\u00e1mia peng\u00e9k biztos\u00edtj\u00e1k a hossz\u00fa \u00e9lettartamot, \u00e9les v\u00e1g\u00e1st \u00e9s sima eredm\u00e9nyt minden alkalommal.<\/p>\n<p data-start=\"2164\" data-end=\"2341\">\ud83d\udd39 <strong data-start=\"2167\" data-end=\"2190\">K\u00e9nyelem \u00e9s kijelz\u0151<\/strong><br data-start=\"2190\" data-end=\"2193\" \/>A LED kijelz\u0151 mutatja az akkumul\u00e1tor szintj\u00e9t \u00e9s m\u0171k\u00f6d\u00e9si m\u00f3dot, \u00edgy mindig kontroll alatt tarthatod a v\u00e1g\u00e1st.<\/p>\n<p data-start=\"2343\" data-end=\"2544\">\ud83d\udd39 <strong data-start=\"2346\" data-end=\"2388\">Vezet\u00e9k n\u00e9lk\u00fcli \u00e9s vezet\u00e9kes haszn\u00e1lat<\/strong><br data-start=\"2388\" data-end=\"2391\" \/>Haszn\u00e1lhat\u00f3 vezet\u00e9k n\u00e9lk\u00fcl vagy k\u00f6zvetlen h\u00e1l\u00f3zatr\u00f3l, \u00edgy rugalmass\u00e1got \u00e9s k\u00e9nyelmet biztos\u00edt mindennapi \u00e1pol\u00e1shoz.<\/p>\n","protected":false},"excerpt":{"rendered":"<p>A <strong data-start=\"821\" data-end=\"835\">VGR V-880C<\/strong> egy professzion\u00e1lis hajv\u00e1g\u00f3 er\u0151s, k\u00fcls\u0151 rotoros BLDC motorral \u00e9s tart\u00f3s DLC\/ker\u00e1mia peng\u00e9kkel, amely ak\u00e1r <strong data-start=\"942\" data-end=\"963\">150 perc \u00fczemid\u0151t<\/strong> k\u00edn\u00e1l vezet\u00e9k n\u00e9lk\u00fcli haszn\u00e1lat mellett, t\u00f6bb hossz\u00fas\u00e1g\u00fa vezet\u0151f\u00e9s\u0171vel \u00e9s LED kijelz\u0151vel a pontos v\u00e1g\u00e1s\u00e9rt.<\/p>\n","protected":false},"featured_media":620,"comment_status":"open","ping_status":"closed","template":"","meta":[],"product_brand":[],"product_cat":[30,24],"product_tag":[],"class_list":{"0":"post-600","1":"product","2":"type-product","3":"status-publish","4":"has-post-thumbnail","6":"product_cat-gepek","7":"product_cat-hajvago","9":"first","10":"instock","11":"taxable","12":"shipping-taxable","13":"purchasable","14":"product-type-simple"},"_links":{"self":[{"href":"https:\/\/www.vgreurope.hu\/index.php\/wp-json\/wp\/v2\/product\/600","targetHints":{"allow":["GET"]}}],"collection":[{"href":"https:\/\/www.vgreurope.hu\/index.php\/wp-json\/wp\/v2\/product"}],"about":[{"href":"https:\/\/www.vgreurope.hu\/index.php\/wp-json\/wp\/v2\/types\/product"}],"replies":[{"embeddable":true,"href":"https:\/\/www.vgreurope.hu\/index.php\/wp-json\/wp\/v2\/comments?post=600"}],"wp:featuredmedia":[{"embeddable":true,"href":"https:\/\/www.vgreurope.hu\/index.php\/wp-json\/wp\/v2\/media\/620"}],"wp:attachment":[{"href":"https:\/\/www.vgreurope.hu\/index.php\/wp-json\/wp\/v2\/media?parent=600"}],"wp:term":[{"taxonomy":"product_brand","embeddable":true,"href":"https:\/\/www.vgreurope.hu\/index.php\/wp-json\/wp\/v2\/product_brand?post=600"},{"taxonomy":"product_cat","embeddable":true,"href":"https:\/\/www.vgreurope.hu\/index.php\/wp-json\/wp\/v2\/product_cat?post=600"},{"taxonomy":"product_tag","embeddable":true,"href":"https:\/\/www.vgreurope.hu\/index.php\/wp-json\/wp\/v2\/product_tag?post=600"}],"curies":[{"name":"wp","href":"https:\/\/api.w.org\/{rel}","templated":true}]}}