{"id":603,"date":"2026-03-16T15:47:37","date_gmt":"2026-03-16T14:47:37","guid":{"rendered":"https:\/\/www.vgreurope.hu\/?post_type=product&#038;p=603"},"modified":"2026-03-17T11:16:51","modified_gmt":"2026-03-17T10:16:51","slug":"vgr-v-440-professzionalis-hajszarito","status":"publish","type":"product","link":"https:\/\/www.vgreurope.hu\/index.php\/termek\/vgr-v-440-professzionalis-hajszarito\/","title":{"rendered":"VGR V-440 professzion\u00e1lis hajsz\u00e1r\u00edt\u00f3"},"content":{"rendered":"<p data-start=\"1118\" data-end=\"1326\">Fedezd fel a <strong data-start=\"1131\" data-end=\"1172\">VGR V-440 professzion\u00e1lis hajsz\u00e1r\u00edt\u00f3t<\/strong> \u2014 pr\u00e9mium styling eszk\u00f6zt, amely <strong data-start=\"1206\" data-end=\"1257\">er\u0151s teljes\u00edtm\u00e9nyt \u00e9s professzion\u00e1lis eredm\u00e9nyt<\/strong> ny\u00fajt minden hajt\u00edpus sz\u00e1m\u00e1ra!<\/p>\n<p data-start=\"1328\" data-end=\"1598\">\ud83d\udd39 <strong data-start=\"1331\" data-end=\"1373\">Er\u0151teljes BLDC motor \u00e9s gyors sz\u00e1r\u00edt\u00e1s<\/strong><br data-start=\"1373\" data-end=\"1376\" \/>A korszer\u0171 <strong data-start=\"1387\" data-end=\"1401\">BLDC motor<\/strong> stabil, nagy hat\u00e9konys\u00e1g\u00fa teljes\u00edtm\u00e9nyt biztos\u00edt, amely gyorsan \u00e9s egyenletesen sz\u00e1r\u00edtja a hajat, mik\u00f6zben cs\u00f6kkenti a zajt \u00e9s n\u00f6veli a k\u00e9sz\u00fcl\u00e9k \u00e9lettartam\u00e1t.<\/p>\n<p data-start=\"1600\" data-end=\"1789\">\ud83d\udd39 <strong data-start=\"1603\" data-end=\"1626\">1400 W teljes\u00edtm\u00e9ny<\/strong><br data-start=\"1626\" data-end=\"1629\" \/>A <strong data-start=\"1631\" data-end=\"1650\">1400 W-os motor<\/strong> jelent\u0151s l\u00e9g\u00e1ramot gener\u00e1l, \u00edgy a hajsz\u00e1r\u00edt\u00e1s gyorsabb \u00e9s hat\u00e9konyabb, ak\u00e1r vastagabb haj eset\u00e9n is.<\/p>\n<p data-start=\"1791\" data-end=\"2005\">\ud83d\udd39 <strong data-start=\"1794\" data-end=\"1837\">Ionos technol\u00f3gia a f\u00e9nyes, sima haj\u00e9rt<\/strong><br data-start=\"1837\" data-end=\"1840\" \/>A be\u00e9p\u00edtett <strong data-start=\"1852\" data-end=\"1869\">ionos funkci\u00f3<\/strong> cs\u00f6kkenti a statikus elektromoss\u00e1got, sim\u00e1bb, f\u00e9nyesebb \u00e9s kev\u00e9sb\u00e9 sz\u00e1lk\u00e1s v\u00e9geredm\u00e9nyt biztos\u00edt.<\/p>\n<p data-start=\"2007\" data-end=\"2231\">\ud83d\udd39 <strong data-start=\"2010\" data-end=\"2050\">Sokoldal\u00fa h\u0151- \u00e9s sebess\u00e9gbe\u00e1ll\u00edt\u00e1sok<\/strong><br data-start=\"2050\" data-end=\"2053\" \/>A t\u00f6bb <strong data-start=\"2060\" data-end=\"2099\">h\u0151m\u00e9rs\u00e9klet- \u00e9s l\u00e9gsebess\u00e9g-fokozat<\/strong> lehet\u0151v\u00e9 teszi, hogy minden hajt\u00edpushoz \u00e9s styling ig\u00e9nyhez megtal\u00e1ld a megfelel\u0151 be\u00e1ll\u00edt\u00e1st. <strong data-start=\"2236\" data-end=\"2271\">ok a prec\u00edz form\u00e1z\u00e1shoz<\/strong><br data-start=\"2271\" data-end=\"2274\" \/>A csomag <strong data-start=\"2283\" data-end=\"2295\">diff\u00fazor<\/strong> \u00e9s <strong data-start=\"2299\" data-end=\"2315\">koncentr\u00e1tor<\/strong> f\u00fav\u00f3k\u00e1t tartalmaz, amelyekkel k\u00f6nnyen el\u00e9rheted a k\u00edv\u00e1nt st\u00edlust \u2014 legyen sz\u00f3 term\u00e9szetes text\u00far\u00e1r\u00f3l vagy sima frizur\u00e1r\u00f3l.<\/p>\n<p data-start=\"2478\" data-end=\"2667\">\ud83d\udd39 <strong data-start=\"2481\" data-end=\"2507\">Ergonomikus kialak\u00edt\u00e1s<\/strong><br data-start=\"2507\" data-end=\"2510\" \/>K\u00e9nyelmes, ergonomikus fog\u00e1s \u00e9s k\u00f6nny\u0171 kivitel a k\u00e9nyelmes mindennapi haszn\u00e1lat\u00e9rt, ak\u00e1r otthon, ak\u00e1r fodr\u00e1szszalonban.<\/p>\n","protected":false},"excerpt":{"rendered":"<p>A <strong data-start=\"781\" data-end=\"794\">VGR V-440<\/strong> egy <strong data-start=\"799\" data-end=\"829\">professzion\u00e1lis hajsz\u00e1r\u00edt\u00f3<\/strong> nagy teljes\u00edtm\u00e9ny\u0171 BLDC motorral, ionos technol\u00f3gi\u00e1val \u00e9s t\u00f6bb be\u00e1ll\u00edthat\u00f3 h\u0151- \u00e9s l\u00e9gsebess\u00e9g-fokozattal a gyors, k\u00edm\u00e9letes \u00e9s f\u00e9nyes eredm\u00e9ny\u00e9rt. Ide\u00e1lis otthoni vagy szalon-haszn\u00e1latra.<\/p>\n","protected":false},"featured_media":623,"comment_status":"open","ping_status":"closed","template":"","meta":[],"product_brand":[],"product_cat":[30,27],"product_tag":[],"class_list":{"0":"post-603","1":"product","2":"type-product","3":"status-publish","4":"has-post-thumbnail","6":"product_cat-gepek","7":"product_cat-hajszarito","9":"first","10":"instock","11":"taxable","12":"shipping-taxable","13":"purchasable","14":"product-type-simple"},"_links":{"self":[{"href":"https:\/\/www.vgreurope.hu\/index.php\/wp-json\/wp\/v2\/product\/603","targetHints":{"allow":["GET"]}}],"collection":[{"href":"https:\/\/www.vgreurope.hu\/index.php\/wp-json\/wp\/v2\/product"}],"about":[{"href":"https:\/\/www.vgreurope.hu\/index.php\/wp-json\/wp\/v2\/types\/product"}],"replies":[{"embeddable":true,"href":"https:\/\/www.vgreurope.hu\/index.php\/wp-json\/wp\/v2\/comments?post=603"}],"wp:featuredmedia":[{"embeddable":true,"href":"https:\/\/www.vgreurope.hu\/index.php\/wp-json\/wp\/v2\/media\/623"}],"wp:attachment":[{"href":"https:\/\/www.vgreurope.hu\/index.php\/wp-json\/wp\/v2\/media?parent=603"}],"wp:term":[{"taxonomy":"product_brand","embeddable":true,"href":"https:\/\/www.vgreurope.hu\/index.php\/wp-json\/wp\/v2\/product_brand?post=603"},{"taxonomy":"product_cat","embeddable":true,"href":"https:\/\/www.vgreurope.hu\/index.php\/wp-json\/wp\/v2\/product_cat?post=603"},{"taxonomy":"product_tag","embeddable":true,"href":"https:\/\/www.vgreurope.hu\/index.php\/wp-json\/wp\/v2\/product_tag?post=603"}],"curies":[{"name":"wp","href":"https:\/\/api.w.org\/{rel}","templated":true}]}}