{"id":604,"date":"2026-03-16T15:47:37","date_gmt":"2026-03-16T14:47:37","guid":{"rendered":"https:\/\/www.vgreurope.hu\/?post_type=product&#038;p=604"},"modified":"2026-03-17T11:17:03","modified_gmt":"2026-03-17T10:17:03","slug":"vgr-v-640-s3-professzionalis-3-az-1-hajvago-es-grooming-szett","status":"publish","type":"product","link":"https:\/\/www.vgreurope.hu\/index.php\/termek\/vgr-v-640-s3-professzionalis-3-az-1-hajvago-es-grooming-szett\/","title":{"rendered":"VGR V-640 S3 professzion\u00e1lis 3-az-1 hajv\u00e1g\u00f3 \u00e9s grooming szett"},"content":{"rendered":"<p data-start=\"1084\" data-end=\"1319\">A <strong data-start=\"1086\" data-end=\"1102\">VGR V-640 S3<\/strong> egy komplett <strong data-start=\"1116\" data-end=\"1147\">hajv\u00e1g\u00f3 \u00e9s grooming k\u00e9szlet<\/strong>, amely minden fontos eszk\u00f6zt tartalmaz a <strong data-start=\"1189\" data-end=\"1220\">teljes k\u00f6r\u0171 f\u00e9rfi \u00e1pol\u00e1shoz<\/strong> \u2014 hajv\u00e1g\u00e1st\u00f3l a szak\u00e1llform\u00e1z\u00e1son \u00e1t a sima borotv\u00e1lkoz\u00e1sig.<\/p>\n<p data-start=\"1321\" data-end=\"2795\">\ud83d\udd39 <strong data-start=\"1324\" data-end=\"1346\">3-az-1 profi szett<\/strong> \u2013 a csomag egy <strong data-start=\"1362\" data-end=\"1374\">hajv\u00e1g\u00f3t<\/strong>, <strong data-start=\"1376\" data-end=\"1398\">prec\u00edzi\u00f3s trimmert<\/strong> \u00e9s <strong data-start=\"1402\" data-end=\"1421\">f\u00f3li\u00e1s borotv\u00e1t<\/strong> tartalmaz, \u00edgy mindent megkapsz egyetlen term\u00e9kben.<br data-start=\"1511\" data-end=\"1514\" \/>\ud83d\udd39 <strong data-start=\"1517\" data-end=\"1544\">Er\u0151s, intelligens motor<\/strong> \u2013 a hajv\u00e1g\u00f3 \u00e9s a trimmer ak\u00e1r <strong data-start=\"1575\" data-end=\"1590\">9000 RPM-ig<\/strong> is k\u00e9pes, amely sima, gyors \u00e9s prec\u00edz v\u00e1g\u00e1st biztos\u00edt minden hajt\u00edpuson.<br data-start=\"1701\" data-end=\"1704\" \/>\ud83d\udd39 <strong data-start=\"1707\" data-end=\"1725\">Fejlett peng\u00e9k<\/strong> \u2013 a hajv\u00e1g\u00f3 ker\u00e1mia \u00e9s porf\u00e9m peng\u00e9kkel, a trimmer <strong data-start=\"1777\" data-end=\"1804\">DLC-bevonat\u00fa T-peng\u00e9vel<\/strong> \u00e9s a borotva <strong data-start=\"1818\" data-end=\"1849\">dupla hypoallerg\u00e9n f\u00f3li\u00e1val<\/strong> rendelkezik az irrit\u00e1ci\u00f3mentes, tiszta borotv\u00e1lkoz\u00e1shoz.\u00a0<br data-start=\"1944\" data-end=\"1947\" \/>\ud83d\udd39 <strong data-start=\"1950\" data-end=\"1980\">Hossz\u00fa akkumul\u00e1tor-\u00fczemid\u0151<\/strong> \u2013 a hajv\u00e1g\u00f3 ak\u00e1r <strong data-start=\"1998\" data-end=\"2012\">250 percig<\/strong>, a trimmer <strong data-start=\"2024\" data-end=\"2038\">240 percig<\/strong>, a borotva <strong data-start=\"2050\" data-end=\"2064\">150 percig<\/strong> is \u00fczemelhet egy t\u00f6lt\u00e9ssel, \u00edgy a nagyobb grooming rutinokhoz is elegend\u0151 kapacit\u00e1st biztos\u00edt.\u00a0<br data-start=\"2197\" data-end=\"2200\" \/>\ud83d\udd39 <strong data-start=\"2203\" data-end=\"2218\">LED kijelz\u0151<\/strong> \u2013 minden eszk\u00f6z rendelkezik LED kijelz\u0151vel, amely mutatja az akkumul\u00e1tor t\u00f6lt\u00f6tts\u00e9gi szintj\u00e9t, \u00edgy mindig kontroll alatt tarthatod a k\u00e9sz\u00fcl\u00e9ket.\u00a0<br data-start=\"2401\" data-end=\"2404\" \/>\ud83d\udd39 <strong data-start=\"2407\" data-end=\"2421\">Tartoz\u00e9kok<\/strong> \u2013 a k\u00e9szlet t\u00f6bb vezet\u0151f\u00e9s\u0171t tartalmaz (pl. 1,5\u201312 mm hajhoz \u00e9s 1\u20133 mm trimmerhez), ken\u0151olajat, tiszt\u00edt\u00f3kef\u00e9t \u00e9s t\u00f6lt\u0151k\u00e1belt a k\u00e9nyelmes haszn\u00e1lathoz.\u00a0<br data-start=\"2610\" data-end=\"2613\" data-is-only-node=\"\" \/>\ud83d\udd39 <strong data-start=\"2616\" data-end=\"2642\">Ergonomikus kialak\u00edt\u00e1s<\/strong> \u2013 cs\u00fasz\u00e1sg\u00e1tl\u00f3, ergonomikus test a stabil fog\u00e1s\u00e9rt \u00e9s komfortos haszn\u00e1lat\u00e9rt m\u00e9g hosszabb \u00e1pol\u00e1si munk\u00e1k sor\u00e1n is.<\/p>\n","protected":false},"excerpt":{"rendered":"<p>A <strong data-start=\"726\" data-end=\"742\">VGR V-640 S3<\/strong> egy <strong data-start=\"747\" data-end=\"788\">3-az-1 professzion\u00e1lis grooming szett<\/strong> vezet\u00e9k n\u00e9lk\u00fcli hajv\u00e1g\u00f3val, prec\u00edzi\u00f3s trimmerrel \u00e9s f\u00f3li\u00e1s borotv\u00e1val, er\u0151s motorral \u00e9s hossz\u00fa akkumul\u00e1tor-\u00fczemid\u0151vel a szalonmin\u0151s\u00e9g\u0171 haj- \u00e9s arcsz\u0151rzet\u00e1pol\u00e1s\u00e9rt otthon vagy profi k\u00f6rnyezetben.<\/p>\n","protected":false},"featured_media":624,"comment_status":"open","ping_status":"closed","template":"","meta":[],"product_brand":[],"product_cat":[30,24,25],"product_tag":[],"class_list":{"0":"post-604","1":"product","2":"type-product","3":"status-publish","4":"has-post-thumbnail","6":"product_cat-gepek","7":"product_cat-hajvago","8":"product_cat-szakalvaggo","10":"first","11":"instock","12":"taxable","13":"shipping-taxable","14":"purchasable","15":"product-type-simple"},"_links":{"self":[{"href":"https:\/\/www.vgreurope.hu\/index.php\/wp-json\/wp\/v2\/product\/604","targetHints":{"allow":["GET"]}}],"collection":[{"href":"https:\/\/www.vgreurope.hu\/index.php\/wp-json\/wp\/v2\/product"}],"about":[{"href":"https:\/\/www.vgreurope.hu\/index.php\/wp-json\/wp\/v2\/types\/product"}],"replies":[{"embeddable":true,"href":"https:\/\/www.vgreurope.hu\/index.php\/wp-json\/wp\/v2\/comments?post=604"}],"wp:featuredmedia":[{"embeddable":true,"href":"https:\/\/www.vgreurope.hu\/index.php\/wp-json\/wp\/v2\/media\/624"}],"wp:attachment":[{"href":"https:\/\/www.vgreurope.hu\/index.php\/wp-json\/wp\/v2\/media?parent=604"}],"wp:term":[{"taxonomy":"product_brand","embeddable":true,"href":"https:\/\/www.vgreurope.hu\/index.php\/wp-json\/wp\/v2\/product_brand?post=604"},{"taxonomy":"product_cat","embeddable":true,"href":"https:\/\/www.vgreurope.hu\/index.php\/wp-json\/wp\/v2\/product_cat?post=604"},{"taxonomy":"product_tag","embeddable":true,"href":"https:\/\/www.vgreurope.hu\/index.php\/wp-json\/wp\/v2\/product_tag?post=604"}],"curies":[{"name":"wp","href":"https:\/\/api.w.org\/{rel}","templated":true}]}}